{"id":1016,"date":"2021-01-14T12:57:07","date_gmt":"2021-01-14T12:57:07","guid":{"rendered":"https:\/\/www.henamo-stefanshof.be\/einblicke\/"},"modified":"2021-07-26T14:59:25","modified_gmt":"2021-07-26T14:59:25","slug":"apercu","status":"publish","type":"page","link":"https:\/\/www.henamo-stefanshof.be\/fr\/apercu\/","title":{"rendered":"Le g\u00eete"},"content":{"rendered":"<div class=\"dv-block-bgsection text-dark\">\n\t<div class=\"bg-section-inner\">\n\t\t\n<div class=\"wp-bootstrap-blocks-container container mb-2 mini-container\">\n\t\n<div class=\"dv-spacer-huge\"><\/div>\n\n\n\n<h2 class=\"has-text-align-center alt-title h8 uppercase colored wp-block-heading\"><strong>Aper\u00e7u<\/strong><\/h2>\n\n\n\n<h4 class=\"has-text-align-center wp-block-heading\">Au milieu des Cantons de l\u2019Est, dans la r\u00e9gion ardennaise de l\u2019Eifel, se trouve le Stefanshof, g\u00eete traditionnel dont les origines remontent \u00e0 plus d\u2019un si\u00e8cle.<\/h4>\n\n\n\n<p class=\"has-text-align-center\">Lorsque nous avons rachet\u00e9 la ferme, les murs \u00e9taient en ruine, et nous nous sommes fix\u00e9 comme objectif de r\u00e9habiliter le b\u00e2timent en suivant la tradition des fermes domaniales.<\/p>\n\n\n<div class=\"dv-spacer-huge\"><\/div>\n\n<\/div>\n\n\n\t<\/div>\n\t<div class=\"bg-container pos-top\" style=\"background-color:#ffffff; height: 100%;\"><\/div>\n<\/div>\n\n\n<div class=\"dv-block-bgsection text-dark\">\n\t<div class=\"bg-section-inner\">\n\t\t\n<div class=\"wp-bootstrap-blocks-container container mb-2 small-container\">\n\t\n<div class=\"dv-video dv-anim\">\n\t<div class=\"dv-anim-inner\">\n\t\t<a class=\"inline-lightcase follow-mouse mouse-visible\" data-fancybox=\"\" href=\"https:\/\/www.henamo-stefanshof.be\/wp-content\/uploads\/2021\/04\/Henamo-Stefanshof-Interior-1920x1080px.mp4\" data-button=\"Play\"> \n\t\t\t<span class=\"mouse-action disable\"><span class=\"icon\"><svg xmlns=\"http:\/\/www.w3.org\/2000\/svg\" viewBox=\"0 0 24 24\"><polygon points=\"6.5,5.2 6.5,18.8 20.1,12 \"\/><\/svg><\/span><\/span> \n\t\t\t<img decoding=\"async\" loading=\"lazy\" src=\"https:\/\/www.henamo-stefanshof.be\/wp-content\/uploads\/2021\/03\/stefanshof-12-1.jpg\" width=\"900\" height=\"650\" alt=\"stefanshof-12\" \/>\n\t\t<\/a>\n\t<\/div>\n<\/div>\n\n<\/div>\n\n\n\t<\/div>\n\t<div class=\"bg-container pos-top\" style=\"background-color:#ffffff; height: 50%;\"><\/div>\n<\/div>\n\n\n<div class=\"dv-spacer-huge\"><\/div>\n\n\n<div class=\"wp-bootstrap-blocks-container container mb-2\">\n\t\n<div class=\"wp-bootstrap-blocks-row row align-items-end\">\n\t\n\n<div class=\"col-12 col-md-12 col-lg-4\">\n\t\t\t\n\n<h6 class=\"alt-title h8 uppercase colored wp-block-heading\"><strong><strong>Avec l\u2019esprit de la nature<\/strong><\/strong><\/h6>\n\n\n\n<h2 class=\"has-text-align-left h4 wp-block-heading\">Des mat\u00e9riaux de construction naturels<\/h2>\n\n\n\n<p>Parce que notre environnement est pr\u00e9cieux, nous avons choisi d\u2019utiliser des mat\u00e9riaux de construction naturels pour la r\u00e9novation du g\u00eete. M\u00eame les vieux gravats issus des anciennes remises ont trouv\u00e9 une nouvelle place dans l\u2019architecture de la maison. Isol\u00e9 avec du li\u00e8ge et des copeaux et ennobli avec du cr\u00e9pi \u00e0 la chaux et \u00e0 l\u2019argile, nous avons r\u00e9ussi \u00e0 cr\u00e9er \u00e0 partir des anciennes ruines un endroit chaleureux, qui non seulement vaut le d\u00e9tour, mais poss\u00e8de aussi une empreinte \u00e9cologique la plus verte possible.<\/p>\n\n\t<\/div>\n\n\n\n<div class=\"col-12 col-md-12 col-lg-4\">\n\t\t\t\n\n<p>Nous n\u2019avons qu\u2019une seule plan\u00e8te, c\u2019est pourquoi prendre soin de nos ressources est important \u00e0 nos yeux. Nous avons donc d\u00e9cid\u00e9 d\u2019installer un chauffage \u00e0 pellets. Nous produisons \u00e9galement notre propre \u00e9lectricit\u00e9 gr\u00e2ce \u00e0 une installation photovolta\u00efque moderne situ\u00e9e sur le c\u00f4t\u00e9 sud du toit du b\u00e2timent principal. Notre objectif principal\u00a0: vivre en autarcie dans et avec la nature.<\/p>\n\n\t<\/div>\n\n\n\n<div class=\"col-12 col-md-12 col-lg-4\">\n\t\t\t\n\n<div class=\"dv-block-image dv-anim\">\n\t<div class=\"dv-image-container dv-anim-inner  extend-150\" style=\"max-width: 650px\">\n\t\t\n\t\t\t\t<div class=\"dv-image-bg dv-parallax\">\n\t\t\t\t\t\n\t\t\t<img decoding=\"async\" loading=\"lazy\" src=\"https:\/\/www.henamo-stefanshof.be\/wp-content\/uploads\/2021\/01\/stefanshof-2.jpg\" width=\"650\" height=\"900\" alt=\"stefanshof-2\" \/>\n\t\t\t\n\t\t\t\t<\/div>\n\t\t\t\t\t\n\t<\/div>\n<\/div>\n\n\t<\/div>\n\n<\/div>\n\n<\/div>\n\n\n<div class=\"dv-spacer-huge\"><\/div>\n\n\n<div class=\"dv-block-bgsection text-dark\">\n\t<div class=\"bg-section-inner\">\n\t\t\n<div class=\"dv-spacer-huge\"><\/div>\n\n\n<div class=\"wp-bootstrap-blocks-container container mb-2\">\n\t\n<div class=\"wp-bootstrap-blocks-row row align-items-center\">\n\t\n\n<div class=\"col-12 col-md-12 col-lg-6\">\n\t\t\t\n\n<h6 class=\"alt-title h8 uppercase colored wp-block-heading\"><strong>\u00c9quipement<\/strong><\/h6>\n\n\n\n<h3 class=\"wp-block-heading\">Le Stefanshof vous attend\u2026<\/h3>\n\n\n\n<p>Nous avons mis toute notre \u00e9nergie et notre cr\u00e9ativit\u00e9 dans la cr\u00e9ation de ce lieu, afin de rendre votre s\u00e9jour le plus agr\u00e9able possible. Le Stefanshof offre tout le confort dont peuvent r\u00eaver nos h\u00f4tes.<\/p>\n\n\t<\/div>\n\n\n\n<div class=\"col-12 col-sm-12 col-md-6 col-lg-3\">\n\t\t\t\n<div class=\"dv-icon-box\">\n\t<div class=\"box-icon\">\n\t\t<img decoding=\"async\" src=\"https:\/\/www.henamo-stefanshof.be\/wp-content\/uploads\/2021\/03\/wifi-dark.svg\" alt=\"wifi-dark\">\n\t<\/div>\n\t<div class=\"box-content\">\n\t\t<h6 class=\"alt-title h7\">Connexion<br>Internet gratuite<\/h6>\n\t<\/div>\n<\/div>\n\n\n<div class=\"dv-icon-box\">\n\t<div class=\"box-icon\">\n\t\t<img decoding=\"async\" src=\"https:\/\/www.henamo-stefanshof.be\/wp-content\/uploads\/2021\/03\/tv-dark.svg\" alt=\"tv-dark\">\n\t<\/div>\n\t<div class=\"box-content\">\n\t\t<h6 class=\"alt-title h7\">T\u00e9l\u00e9vision par c\u00e2ble &#038;<br>Projecteur<\/h6>\n\t<\/div>\n<\/div>\n\n\n<div class=\"dv-icon-box\">\n\t<div class=\"box-icon\">\n\t\t<img decoding=\"async\" src=\"https:\/\/www.henamo-stefanshof.be\/wp-content\/uploads\/2021\/03\/rollstuhl-dark.svg\" alt=\"rollstuhl-dark\">\n\t<\/div>\n\t<div class=\"box-content\">\n\t\t<h6 class=\"alt-title h7\">Accessible aux<br>personnes handicap\u00e9es<\/h6>\n\t<\/div>\n<\/div>\n\n\t<\/div>\n\n\n\n<div class=\"col-12 col-sm-12 col-md-6 col-lg-3\">\n\t\t\t\n<div class=\"dv-icon-box\">\n\t<div class=\"box-icon\">\n\t\t<img decoding=\"async\" src=\"https:\/\/www.henamo-stefanshof.be\/wp-content\/uploads\/2021\/03\/wellness-dark.svg\" alt=\"wellness-dark\">\n\t<\/div>\n\t<div class=\"box-content\">\n\t\t<h6 class=\"alt-title h7\">Espace bien-\u00eatre &#038;<br>Piscine<\/h6>\n\t<\/div>\n<\/div>\n\n\n<div class=\"dv-icon-box\">\n\t<div class=\"box-icon\">\n\t\t<img decoding=\"async\" src=\"https:\/\/www.henamo-stefanshof.be\/wp-content\/uploads\/2021\/03\/bett-dark.svg\" alt=\"bett-dark\">\n\t<\/div>\n\t<div class=\"box-content\">\n\t\t<h6 class=\"alt-title h7\">Logement jusqu&rsquo;\u00e0<br>28 personnes<\/h6>\n\t<\/div>\n<\/div>\n\n\n<div class=\"dv-icon-box\">\n\t<div class=\"box-icon\">\n\t\t<img decoding=\"async\" src=\"https:\/\/www.henamo-stefanshof.be\/wp-content\/uploads\/2021\/03\/bbq-dark.svg\" alt=\"bbq-dark\">\n\t<\/div>\n\t<div class=\"box-content\">\n\t\t<h6 class=\"alt-title h7\">Terrasse couverte &#038;<br>espace barbecue<\/h6>\n\t<\/div>\n<\/div>\n\n\t<\/div>\n\n<\/div>\n\n<\/div>\n\n\n<div class=\"dv-spacer-huge\"><\/div>\n\n\n\t<\/div>\n\t<div class=\"bg-container pos-top\" style=\"background-color:#ffffff; height: 100%;\"><\/div>\n<\/div>\n\n\n<div class=\"dv-block-bgsection text-dark\">\n\t<div class=\"bg-section-inner\">\n\t\t\n<div class=\"wp-bootstrap-blocks-container container mb-2\">\n\t\n<div class=\"wp-bootstrap-blocks-row row\">\n\t\n\n<div class=\"col-12 col-md-4\">\n\t\t\t\n<div class=\"dv-imagebutton dv-anim\">\n\t<div class=\"dv-anim-inner\">\n\t\t<a href=\"https:\/\/www.henamo-stefanshof.be\/wp-content\/uploads\/2021\/03\/stefanshof-16-900x600.jpg\" data-fancybox=\"imagebutton-62931\" class=\"thumb-hover scale\">\t\n\t\t\t<img decoding=\"async\" loading=\"lazy\" src=\"https:\/\/www.henamo-stefanshof.be\/wp-content\/uploads\/2021\/03\/stefanshof-35-1.jpg\" width=\"650\" height=\"900\" alt=\"stefanshof-35\" \/>\n\t\t\t<div class=\"overlay-caption text-light bottom align-center\">\n\t\t\t\t<span class=\"h5\">Les chambres<\/span>\n\t\t\t<\/div>\n\t\t<\/a>\n\t<\/div>\n\t<span class=\"imagebutton-gallery\"><a href=\"https:\/\/www.henamo-stefanshof.be\/wp-content\/uploads\/2021\/03\/stefanshof-18-900x600.jpg\" data-fancybox=\"imagebutton-62931\"><\/a><a href=\"https:\/\/www.henamo-stefanshof.be\/wp-content\/uploads\/2021\/03\/stefanshof-17-900x600.jpg\" data-fancybox=\"imagebutton-62931\"><\/a><a href=\"https:\/\/www.henamo-stefanshof.be\/wp-content\/uploads\/2021\/03\/stefanshof-15-900x600.jpg\" data-fancybox=\"imagebutton-62931\"><\/a><a href=\"https:\/\/www.henamo-stefanshof.be\/wp-content\/uploads\/2021\/03\/stefanshof-20-900x600.jpg\" data-fancybox=\"imagebutton-62931\"><\/a><a href=\"https:\/\/www.henamo-stefanshof.be\/wp-content\/uploads\/2021\/03\/stefanshof-19-900x600.jpg\" data-fancybox=\"imagebutton-62931\"><\/a><a href=\"https:\/\/www.henamo-stefanshof.be\/wp-content\/uploads\/2021\/04\/CEW_210305_BEL_147413-940x600.jpg\" data-fancybox=\"imagebutton-62931\"><\/a><a href=\"https:\/\/www.henamo-stefanshof.be\/wp-content\/uploads\/2021\/04\/CEW_210305_BEL_147295-940x600.jpg\" data-fancybox=\"imagebutton-62931\"><\/a><a href=\"https:\/\/www.henamo-stefanshof.be\/wp-content\/uploads\/2021\/04\/CEW_210305_BEL_147328-940x600.jpg\" data-fancybox=\"imagebutton-62931\"><\/a><a href=\"https:\/\/www.henamo-stefanshof.be\/wp-content\/uploads\/2021\/04\/CEW_210305_BEL_147340-940x600.jpg\" data-fancybox=\"imagebutton-62931\"><\/a><a href=\"https:\/\/www.henamo-stefanshof.be\/wp-content\/uploads\/2021\/04\/CEW_210305_BEL_147410-940x600.jpg\" data-fancybox=\"imagebutton-62931\"><\/a><\/span><\/div>\n\t<\/div>\n\n\n\n<div class=\"col-12 col-md-4\">\n\t\t\t\n<div class=\"dv-imagebutton dv-anim\">\n\t<div class=\"dv-anim-inner\">\n\t\t<a href=\"https:\/\/www.henamo-stefanshof.be\/wp-content\/uploads\/2021\/03\/stefanshof-23-900x600.jpg\" data-fancybox=\"imagebutton-46258\" class=\"thumb-hover scale\">\t\n\t\t\t<img decoding=\"async\" loading=\"lazy\" src=\"https:\/\/www.henamo-stefanshof.be\/wp-content\/uploads\/2021\/03\/stefanshof-36.jpg\" width=\"650\" height=\"900\" alt=\"stefanshof-36\" \/>\n\t\t\t<div class=\"overlay-caption text-light bottom align-center\">\n\t\t\t\t<span class=\"h5\">Espace bien-\u00eatre<\/span>\n\t\t\t<\/div>\n\t\t<\/a>\n\t<\/div>\n\t<span class=\"imagebutton-gallery\"><a href=\"https:\/\/www.henamo-stefanshof.be\/wp-content\/uploads\/2021\/03\/stefanshof-24-900x600.jpg\" data-fancybox=\"imagebutton-46258\"><\/a><a href=\"https:\/\/www.henamo-stefanshof.be\/wp-content\/uploads\/2021\/03\/stefanshof-22-900x600.jpg\" data-fancybox=\"imagebutton-46258\"><\/a><\/span><\/div>\n\t<\/div>\n\n\n\n<div class=\"col-12 col-md-4\">\n\t\t\t\n<div class=\"dv-imagebutton dv-anim\">\n\t<div class=\"dv-anim-inner\">\n\t\t<a href=\"https:\/\/www.henamo-stefanshof.be\/wp-content\/uploads\/2021\/03\/stefanshof-28-900x600.jpg\" data-fancybox=\"imagebutton-19415\" class=\"thumb-hover scale\">\t\n\t\t\t<img decoding=\"async\" loading=\"lazy\" src=\"https:\/\/www.henamo-stefanshof.be\/wp-content\/uploads\/2021\/03\/stefanshof-37.jpg\" width=\"650\" height=\"900\" alt=\"stefanshof-37\" \/>\n\t\t\t<div class=\"overlay-caption text-light bottom align-center\">\n\t\t\t\t<span class=\"h5\">Espace commun<\/span>\n\t\t\t<\/div>\n\t\t<\/a>\n\t<\/div>\n\t<span class=\"imagebutton-gallery\"><a href=\"https:\/\/www.henamo-stefanshof.be\/wp-content\/uploads\/2021\/03\/CEW_210305_BEL_147200_edited-900x600.jpg\" data-fancybox=\"imagebutton-19415\"><\/a><a href=\"https:\/\/www.henamo-stefanshof.be\/wp-content\/uploads\/2021\/03\/stefanshof-21-900x600.jpg\" data-fancybox=\"imagebutton-19415\"><\/a><a href=\"https:\/\/www.henamo-stefanshof.be\/wp-content\/uploads\/2021\/03\/stefanshof-27-900x600.jpg\" data-fancybox=\"imagebutton-19415\"><\/a><a href=\"https:\/\/www.henamo-stefanshof.be\/wp-content\/uploads\/2021\/03\/stefanshof-29-900x600.jpg\" data-fancybox=\"imagebutton-19415\"><\/a><a href=\"https:\/\/www.henamo-stefanshof.be\/wp-content\/uploads\/2021\/03\/stefanshof-30-900x600.jpg\" data-fancybox=\"imagebutton-19415\"><\/a><a href=\"https:\/\/www.henamo-stefanshof.be\/wp-content\/uploads\/2021\/03\/stefanshof-13-900x600.jpg\" data-fancybox=\"imagebutton-19415\"><\/a><\/span><\/div>\n\t<\/div>\n\n<\/div>\n\n<\/div>\n\n\n\t<\/div>\n\t<div class=\"bg-container pos-top\" style=\"background-color:#ffffff; height: 50%;\"><\/div>\n<\/div>\n\n\n<div class=\"dv-spacer-huge\"><\/div>\n\n\n<div class=\"wp-bootstrap-blocks-container container mb-2 small-container\">\n\t\n\n<h3 class=\"wp-block-heading\">Le Stefanshof en d\u00e9tail<\/h3>\n\n<\/div>\n\n\n<div class=\"dv-spacer-big\"><\/div>\n\n\n<div class=\"wp-bootstrap-blocks-container container mb-2 small-container\">\n\t\n<div class=\"wp-bootstrap-blocks-row row mini-container\">\n\t\n\n<div class=\"col-12 col-md-3\">\n\t\t\t\n\n<h6 class=\"alt-title uppercase colored h8 wp-block-heading\"><strong>Rez-de-chauss\u00e9e<\/strong><\/h6>\n\n\t<\/div>\n\n\n\n<div class=\"col-12 col-md-9\">\n\t\t\t\n\n<ul class=\"dv-list\"><li>Suite pour 2&nbsp;personnes avec salle de bain s\u00e9par\u00e9e (douche + WC accessibles aux personnes handicap\u00e9es) ainsi qu\u2019un salon avec cuisine int\u00e9gr\u00e9e, t\u00e9l\u00e9viseur et terrasse<\/li><li>Espace bien-\u00eatre&nbsp;: piscine, sauna, infrarouge, bassin pour les pieds (froid\/chaud) avec 2&nbsp;douches et WC<\/li><li>Cuisine \u00e9quip\u00e9e&nbsp;: plaque de cuisson (induction), four, micro-ondes, lave-vaisselle, cafeti\u00e8re \u00e0 filtre, machine \u00e0 caf\u00e9, bouilloire, grille-pain, presse-agrumes, mixeur \u00e0 soupe, r\u00e9frig\u00e9rateur, cong\u00e9lateur, four \u00e0 raclette<\/li><li>Salle de s\u00e9jour&nbsp;: si\u00e8ges pour environ 12&nbsp;personnes et r\u00e9frig\u00e9rateur \u00e0 boissons<\/li><li>Salle \u00e0 manger&nbsp;: grande salle \u00e0 manger avec po\u00eale \u00e0 bois, 2&nbsp;rang\u00e9es de si\u00e8ges pour environ 30&nbsp;personnes et une grande t\u00e9l\u00e9vision<\/li><li>Buanderie&nbsp;: lave-linge, s\u00e8che-linge, fer et planche \u00e0 repasser, aspirateur<\/li><li>WC s\u00e9par\u00e9s<\/li><\/ul>\n\n\t<\/div>\n\n<\/div>\n\n<\/div>\n\n\n<div class=\"dv-spacer-big\"><\/div>\n\n\n<div class=\"wp-bootstrap-blocks-container container mb-2 small-container\">\n\t\n<div class=\"wp-bootstrap-blocks-row row mini-container\">\n\t\n\n<div class=\"col-12 col-md-3\">\n\t\t\t\n\n<h6 class=\"alt-title uppercase colored h8 wp-block-heading\"><strong>1er \u00e9tage<\/strong><\/h6>\n\n\t<\/div>\n\n\n\n<div class=\"col-12 col-md-9\">\n\t\t\t\n\n<ul class=\"dv-list\"><li>5 chambres doubles avec salle de bain s\u00e9par\u00e9e (douche + WC)<\/li><li>2 chambres familiales&nbsp;: chacune avec un lit double et un lit superpos\u00e9 pour 2&nbsp;personnes avec salle de bain s\u00e9par\u00e9e (douche + WC)<\/li><li>Salon avec table de billard, jeu de fl\u00e9chettes et t\u00e9l\u00e9viseur<\/li><li>Coin lecture<\/li><\/ul>\n\n\t<\/div>\n\n<\/div>\n\n<\/div>\n\n\n<div class=\"dv-spacer-big\"><\/div>\n\n\n<div class=\"wp-bootstrap-blocks-container container mb-2 small-container\">\n\t\n<div class=\"wp-bootstrap-blocks-row row mini-container\">\n\t\n\n<div class=\"col-12 col-md-3\">\n\t\t\t\n\n<h6 class=\"alt-title uppercase colored h8 wp-block-heading\"><strong>2\u00e8me \u00e9tage<\/strong><\/h6>\n\n\t<\/div>\n\n\n\n<div class=\"col-12 col-md-9\">\n\t\t\t\n\n<ul class=\"dv-list\"><li>2 dortoirs pour 4 personnes par dortoir avec leur propre salle de bain et WC<\/li><\/ul>\n\n\t<\/div>\n\n<\/div>\n\n<\/div>\n\n\n<div class=\"dv-spacer-big\"><\/div>\n\n\n<div class=\"wp-bootstrap-blocks-container container mb-2 small-container\">\n\t\n<div class=\"wp-bootstrap-blocks-row row mini-container\">\n\t\n\n<div class=\"col-12 col-md-3\">\n\t\t\t\n\n<h6 class=\"alt-title uppercase colored h8 wp-block-heading\"><strong>Installations ext\u00e9rieures<\/strong><\/h6>\n\n\t<\/div>\n\n\n\n<div class=\"col-12 col-md-9\">\n\t\t\t\n\n<ul class=\"dv-list\"><li>Terrasse couverte (barbecue, feu de bois et mobilier de jardin)<\/li><li>Petite aire de jeu<\/li><li>Grand espace vert<\/li><li>Parking<\/li><\/ul>\n\n\t<\/div>\n\n<\/div>\n\n<\/div>\n\n\n<div class=\"dv-spacer-huge\"><\/div>\n","protected":false},"excerpt":{"rendered":"","protected":false},"author":2,"featured_media":0,"parent":0,"menu_order":0,"comment_status":"closed","ping_status":"closed","template":"","meta":{"footnotes":""},"acf":[],"yoast_head":"<!-- This site is optimized with the Yoast SEO plugin v21.3 - https:\/\/yoast.com\/wordpress\/plugins\/seo\/ -->\n<title>Aper\u00e7u | Stefanshof<\/title>\n<meta name=\"description\" content=\"Mat\u00e9riaux de construction naturels et production d&#039;\u00e9nergie \u00e9cologique : jetez un oeil derri\u00e8re les coulisses du Stefanshof.\" \/>\n<meta name=\"robots\" content=\"index, follow, max-snippet:-1, max-image-preview:large, max-video-preview:-1\" \/>\n<link rel=\"canonical\" href=\"https:\/\/www.henamo-stefanshof.be\/fr\/apercu\/\" \/>\n<meta property=\"og:locale\" content=\"fr_FR\" \/>\n<meta property=\"og:type\" content=\"article\" \/>\n<meta property=\"og:title\" content=\"Aper\u00e7u | Stefanshof\" \/>\n<meta property=\"og:description\" content=\"Mat\u00e9riaux de construction naturels et production d&#039;\u00e9nergie \u00e9cologique : jetez un oeil derri\u00e8re les coulisses du Stefanshof.\" \/>\n<meta property=\"og:url\" content=\"https:\/\/www.henamo-stefanshof.be\/fr\/apercu\/\" \/>\n<meta property=\"og:site_name\" content=\"Stefanshof\" \/>\n<meta property=\"article:modified_time\" content=\"2021-07-26T14:59:25+00:00\" \/>\n<meta name=\"twitter:card\" content=\"summary_large_image\" \/>\n<meta name=\"twitter:label1\" content=\"Dur\u00e9e de lecture estim\u00e9e\" \/>\n\t<meta name=\"twitter:data1\" content=\"2 minutes\" \/>\n<script type=\"application\/ld+json\" class=\"yoast-schema-graph\">{\"@context\":\"https:\/\/schema.org\",\"@graph\":[{\"@type\":\"WebPage\",\"@id\":\"https:\/\/www.henamo-stefanshof.be\/fr\/apercu\/\",\"url\":\"https:\/\/www.henamo-stefanshof.be\/fr\/apercu\/\",\"name\":\"Aper\u00e7u | Stefanshof\",\"isPartOf\":{\"@id\":\"https:\/\/www.henamo-stefanshof.be\/#website\"},\"datePublished\":\"2021-01-14T12:57:07+00:00\",\"dateModified\":\"2021-07-26T14:59:25+00:00\",\"description\":\"Mat\u00e9riaux de construction naturels et production d'\u00e9nergie \u00e9cologique : jetez un oeil derri\u00e8re les coulisses du Stefanshof.\",\"breadcrumb\":{\"@id\":\"https:\/\/www.henamo-stefanshof.be\/fr\/apercu\/#breadcrumb\"},\"inLanguage\":\"fr-FR\",\"potentialAction\":[{\"@type\":\"ReadAction\",\"target\":[\"https:\/\/www.henamo-stefanshof.be\/fr\/apercu\/\"]}]},{\"@type\":\"BreadcrumbList\",\"@id\":\"https:\/\/www.henamo-stefanshof.be\/fr\/apercu\/#breadcrumb\",\"itemListElement\":[{\"@type\":\"ListItem\",\"position\":1,\"name\":\"Startseite\",\"item\":\"https:\/\/www.henamo-stefanshof.be\/fr\/\"},{\"@type\":\"ListItem\",\"position\":2,\"name\":\"Le g\u00eete\"}]},{\"@type\":\"WebSite\",\"@id\":\"https:\/\/www.henamo-stefanshof.be\/#website\",\"url\":\"https:\/\/www.henamo-stefanshof.be\/\",\"name\":\"Stefanshof\",\"description\":\"Your luxury Holiday Home in East Belgium\",\"publisher\":{\"@id\":\"https:\/\/www.henamo-stefanshof.be\/#organization\"},\"potentialAction\":[{\"@type\":\"SearchAction\",\"target\":{\"@type\":\"EntryPoint\",\"urlTemplate\":\"https:\/\/www.henamo-stefanshof.be\/?s={search_term_string}\"},\"query-input\":\"required name=search_term_string\"}],\"inLanguage\":\"fr-FR\"},{\"@type\":\"Organization\",\"@id\":\"https:\/\/www.henamo-stefanshof.be\/#organization\",\"name\":\"Henamo Resorts\",\"url\":\"https:\/\/www.henamo-stefanshof.be\/\",\"logo\":{\"@type\":\"ImageObject\",\"inLanguage\":\"fr-FR\",\"@id\":\"https:\/\/www.henamo-stefanshof.be\/#\/schema\/logo\/image\/\",\"url\":\"https:\/\/www.henamo-stefanshof.be\/wp-content\/uploads\/2021\/01\/stefanshof-logo-dark.svg\",\"contentUrl\":\"https:\/\/www.henamo-stefanshof.be\/wp-content\/uploads\/2021\/01\/stefanshof-logo-dark.svg\",\"width\":1,\"height\":1,\"caption\":\"Henamo Resorts\"},\"image\":{\"@id\":\"https:\/\/www.henamo-stefanshof.be\/#\/schema\/logo\/image\/\"}}]}<\/script>\n<!-- \/ Yoast SEO plugin. -->","yoast_head_json":{"title":"Aper\u00e7u | Stefanshof","description":"Mat\u00e9riaux de construction naturels et production d'\u00e9nergie \u00e9cologique : jetez un oeil derri\u00e8re les coulisses du Stefanshof.","robots":{"index":"index","follow":"follow","max-snippet":"max-snippet:-1","max-image-preview":"max-image-preview:large","max-video-preview":"max-video-preview:-1"},"canonical":"https:\/\/www.henamo-stefanshof.be\/fr\/apercu\/","og_locale":"fr_FR","og_type":"article","og_title":"Aper\u00e7u | Stefanshof","og_description":"Mat\u00e9riaux de construction naturels et production d'\u00e9nergie \u00e9cologique : jetez un oeil derri\u00e8re les coulisses du Stefanshof.","og_url":"https:\/\/www.henamo-stefanshof.be\/fr\/apercu\/","og_site_name":"Stefanshof","article_modified_time":"2021-07-26T14:59:25+00:00","twitter_card":"summary_large_image","twitter_misc":{"Dur\u00e9e de lecture estim\u00e9e":"2 minutes"},"schema":{"@context":"https:\/\/schema.org","@graph":[{"@type":"WebPage","@id":"https:\/\/www.henamo-stefanshof.be\/fr\/apercu\/","url":"https:\/\/www.henamo-stefanshof.be\/fr\/apercu\/","name":"Aper\u00e7u | Stefanshof","isPartOf":{"@id":"https:\/\/www.henamo-stefanshof.be\/#website"},"datePublished":"2021-01-14T12:57:07+00:00","dateModified":"2021-07-26T14:59:25+00:00","description":"Mat\u00e9riaux de construction naturels et production d'\u00e9nergie \u00e9cologique : jetez un oeil derri\u00e8re les coulisses du Stefanshof.","breadcrumb":{"@id":"https:\/\/www.henamo-stefanshof.be\/fr\/apercu\/#breadcrumb"},"inLanguage":"fr-FR","potentialAction":[{"@type":"ReadAction","target":["https:\/\/www.henamo-stefanshof.be\/fr\/apercu\/"]}]},{"@type":"BreadcrumbList","@id":"https:\/\/www.henamo-stefanshof.be\/fr\/apercu\/#breadcrumb","itemListElement":[{"@type":"ListItem","position":1,"name":"Startseite","item":"https:\/\/www.henamo-stefanshof.be\/fr\/"},{"@type":"ListItem","position":2,"name":"Le g\u00eete"}]},{"@type":"WebSite","@id":"https:\/\/www.henamo-stefanshof.be\/#website","url":"https:\/\/www.henamo-stefanshof.be\/","name":"Stefanshof","description":"Your luxury Holiday Home in East Belgium","publisher":{"@id":"https:\/\/www.henamo-stefanshof.be\/#organization"},"potentialAction":[{"@type":"SearchAction","target":{"@type":"EntryPoint","urlTemplate":"https:\/\/www.henamo-stefanshof.be\/?s={search_term_string}"},"query-input":"required name=search_term_string"}],"inLanguage":"fr-FR"},{"@type":"Organization","@id":"https:\/\/www.henamo-stefanshof.be\/#organization","name":"Henamo Resorts","url":"https:\/\/www.henamo-stefanshof.be\/","logo":{"@type":"ImageObject","inLanguage":"fr-FR","@id":"https:\/\/www.henamo-stefanshof.be\/#\/schema\/logo\/image\/","url":"https:\/\/www.henamo-stefanshof.be\/wp-content\/uploads\/2021\/01\/stefanshof-logo-dark.svg","contentUrl":"https:\/\/www.henamo-stefanshof.be\/wp-content\/uploads\/2021\/01\/stefanshof-logo-dark.svg","width":1,"height":1,"caption":"Henamo Resorts"},"image":{"@id":"https:\/\/www.henamo-stefanshof.be\/#\/schema\/logo\/image\/"}}]}},"_links":{"self":[{"href":"https:\/\/www.henamo-stefanshof.be\/fr\/wp-json\/wp\/v2\/pages\/1016"}],"collection":[{"href":"https:\/\/www.henamo-stefanshof.be\/fr\/wp-json\/wp\/v2\/pages"}],"about":[{"href":"https:\/\/www.henamo-stefanshof.be\/fr\/wp-json\/wp\/v2\/types\/page"}],"author":[{"embeddable":true,"href":"https:\/\/www.henamo-stefanshof.be\/fr\/wp-json\/wp\/v2\/users\/2"}],"replies":[{"embeddable":true,"href":"https:\/\/www.henamo-stefanshof.be\/fr\/wp-json\/wp\/v2\/comments?post=1016"}],"version-history":[{"count":20,"href":"https:\/\/www.henamo-stefanshof.be\/fr\/wp-json\/wp\/v2\/pages\/1016\/revisions"}],"predecessor-version":[{"id":1403,"href":"https:\/\/www.henamo-stefanshof.be\/fr\/wp-json\/wp\/v2\/pages\/1016\/revisions\/1403"}],"wp:attachment":[{"href":"https:\/\/www.henamo-stefanshof.be\/fr\/wp-json\/wp\/v2\/media?parent=1016"}],"curies":[{"name":"wp","href":"https:\/\/api.w.org\/{rel}","templated":true}]}}