{"id":963,"date":"2021-01-14T12:56:32","date_gmt":"2021-01-14T12:56:32","guid":{"rendered":"https:\/\/www.henamo-stefanshof.be\/home\/"},"modified":"2021-07-09T10:09:31","modified_gmt":"2021-07-09T10:09:31","slug":"home","status":"publish","type":"page","link":"https:\/\/www.henamo-stefanshof.be\/fr\/","title":{"rendered":"Accueil"},"content":{"rendered":"","protected":false},"excerpt":{"rendered":"","protected":false},"author":2,"featured_media":0,"parent":0,"menu_order":0,"comment_status":"closed","ping_status":"closed","template":"","meta":{"footnotes":""},"acf":[],"yoast_head":"<!-- This site is optimized with the Yoast SEO plugin v21.3 - https:\/\/yoast.com\/wordpress\/plugins\/seo\/ -->\n<title>Stefanshof | Votre g\u00eete de luxe dans l&#039;est de la Belgique<\/title>\n<meta name=\"description\" content=\"Passez un s\u00e9jour inoubliable au Stefanshof dans l&#039;est de la Belgique, un lieu qui invite \u00e0 la d\u00e9tente au milieu d&#039;une nature luxuriante.\" \/>\n<meta name=\"robots\" content=\"index, follow, max-snippet:-1, max-image-preview:large, max-video-preview:-1\" \/>\n<link rel=\"canonical\" href=\"https:\/\/www.henamo-stefanshof.be\/fr\/\" \/>\n<meta property=\"og:locale\" content=\"fr_FR\" \/>\n<meta property=\"og:type\" content=\"article\" \/>\n<meta property=\"og:title\" content=\"Stefanshof | Votre g\u00eete de luxe dans l&#039;est de la Belgique\" \/>\n<meta property=\"og:description\" content=\"Passez un s\u00e9jour inoubliable au Stefanshof dans l&#039;est de la Belgique, un lieu qui invite \u00e0 la d\u00e9tente au milieu d&#039;une nature luxuriante.\" \/>\n<meta property=\"og:url\" content=\"https:\/\/www.henamo-stefanshof.be\/fr\/\" \/>\n<meta property=\"og:site_name\" content=\"Stefanshof\" \/>\n<meta property=\"article:modified_time\" content=\"2021-07-09T10:09:31+00:00\" \/>\n<meta name=\"twitter:card\" content=\"summary_large_image\" \/>\n<script type=\"application\/ld+json\" class=\"yoast-schema-graph\">{\"@context\":\"https:\/\/schema.org\",\"@graph\":[{\"@type\":\"WebPage\",\"@id\":\"https:\/\/www.henamo-stefanshof.be\/fr\/\",\"url\":\"https:\/\/www.henamo-stefanshof.be\/fr\/\",\"name\":\"Stefanshof | Votre g\u00eete de luxe dans l'est de la Belgique\",\"isPartOf\":{\"@id\":\"https:\/\/www.henamo-stefanshof.be\/#website\"},\"datePublished\":\"2021-01-14T12:56:32+00:00\",\"dateModified\":\"2021-07-09T10:09:31+00:00\",\"description\":\"Passez un s\u00e9jour inoubliable au Stefanshof dans l'est de la Belgique, un lieu qui invite \u00e0 la d\u00e9tente au milieu d'une nature luxuriante.\",\"breadcrumb\":{\"@id\":\"https:\/\/www.henamo-stefanshof.be\/fr\/#breadcrumb\"},\"inLanguage\":\"fr-FR\",\"potentialAction\":[{\"@type\":\"ReadAction\",\"target\":[\"https:\/\/www.henamo-stefanshof.be\/fr\/\"]}]},{\"@type\":\"BreadcrumbList\",\"@id\":\"https:\/\/www.henamo-stefanshof.be\/fr\/#breadcrumb\",\"itemListElement\":[{\"@type\":\"ListItem\",\"position\":1,\"name\":\"Startseite\",\"item\":\"https:\/\/www.henamo-stefanshof.be\/fr\/\"},{\"@type\":\"ListItem\",\"position\":2,\"name\":\"Accueil\"}]},{\"@type\":\"WebSite\",\"@id\":\"https:\/\/www.henamo-stefanshof.be\/#website\",\"url\":\"https:\/\/www.henamo-stefanshof.be\/\",\"name\":\"Stefanshof\",\"description\":\"Your luxury Holiday Home in East Belgium\",\"publisher\":{\"@id\":\"https:\/\/www.henamo-stefanshof.be\/#organization\"},\"potentialAction\":[{\"@type\":\"SearchAction\",\"target\":{\"@type\":\"EntryPoint\",\"urlTemplate\":\"https:\/\/www.henamo-stefanshof.be\/?s={search_term_string}\"},\"query-input\":\"required name=search_term_string\"}],\"inLanguage\":\"fr-FR\"},{\"@type\":\"Organization\",\"@id\":\"https:\/\/www.henamo-stefanshof.be\/#organization\",\"name\":\"Henamo Resorts\",\"url\":\"https:\/\/www.henamo-stefanshof.be\/\",\"logo\":{\"@type\":\"ImageObject\",\"inLanguage\":\"fr-FR\",\"@id\":\"https:\/\/www.henamo-stefanshof.be\/#\/schema\/logo\/image\/\",\"url\":\"https:\/\/www.henamo-stefanshof.be\/wp-content\/uploads\/2021\/01\/stefanshof-logo-dark.svg\",\"contentUrl\":\"https:\/\/www.henamo-stefanshof.be\/wp-content\/uploads\/2021\/01\/stefanshof-logo-dark.svg\",\"width\":1,\"height\":1,\"caption\":\"Henamo Resorts\"},\"image\":{\"@id\":\"https:\/\/www.henamo-stefanshof.be\/#\/schema\/logo\/image\/\"}}]}<\/script>\n<!-- \/ Yoast SEO plugin. -->","yoast_head_json":{"title":"Stefanshof | Votre g\u00eete de luxe dans l'est de la Belgique","description":"Passez un s\u00e9jour inoubliable au Stefanshof dans l'est de la Belgique, un lieu qui invite \u00e0 la d\u00e9tente au milieu d'une nature luxuriante.","robots":{"index":"index","follow":"follow","max-snippet":"max-snippet:-1","max-image-preview":"max-image-preview:large","max-video-preview":"max-video-preview:-1"},"canonical":"https:\/\/www.henamo-stefanshof.be\/fr\/","og_locale":"fr_FR","og_type":"article","og_title":"Stefanshof | Votre g\u00eete de luxe dans l'est de la Belgique","og_description":"Passez un s\u00e9jour inoubliable au Stefanshof dans l'est de la Belgique, un lieu qui invite \u00e0 la d\u00e9tente au milieu d'une nature luxuriante.","og_url":"https:\/\/www.henamo-stefanshof.be\/fr\/","og_site_name":"Stefanshof","article_modified_time":"2021-07-09T10:09:31+00:00","twitter_card":"summary_large_image","schema":{"@context":"https:\/\/schema.org","@graph":[{"@type":"WebPage","@id":"https:\/\/www.henamo-stefanshof.be\/fr\/","url":"https:\/\/www.henamo-stefanshof.be\/fr\/","name":"Stefanshof | Votre g\u00eete de luxe dans l'est de la Belgique","isPartOf":{"@id":"https:\/\/www.henamo-stefanshof.be\/#website"},"datePublished":"2021-01-14T12:56:32+00:00","dateModified":"2021-07-09T10:09:31+00:00","description":"Passez un s\u00e9jour inoubliable au Stefanshof dans l'est de la Belgique, un lieu qui invite \u00e0 la d\u00e9tente au milieu d'une nature luxuriante.","breadcrumb":{"@id":"https:\/\/www.henamo-stefanshof.be\/fr\/#breadcrumb"},"inLanguage":"fr-FR","potentialAction":[{"@type":"ReadAction","target":["https:\/\/www.henamo-stefanshof.be\/fr\/"]}]},{"@type":"BreadcrumbList","@id":"https:\/\/www.henamo-stefanshof.be\/fr\/#breadcrumb","itemListElement":[{"@type":"ListItem","position":1,"name":"Startseite","item":"https:\/\/www.henamo-stefanshof.be\/fr\/"},{"@type":"ListItem","position":2,"name":"Accueil"}]},{"@type":"WebSite","@id":"https:\/\/www.henamo-stefanshof.be\/#website","url":"https:\/\/www.henamo-stefanshof.be\/","name":"Stefanshof","description":"Your luxury Holiday Home in East Belgium","publisher":{"@id":"https:\/\/www.henamo-stefanshof.be\/#organization"},"potentialAction":[{"@type":"SearchAction","target":{"@type":"EntryPoint","urlTemplate":"https:\/\/www.henamo-stefanshof.be\/?s={search_term_string}"},"query-input":"required name=search_term_string"}],"inLanguage":"fr-FR"},{"@type":"Organization","@id":"https:\/\/www.henamo-stefanshof.be\/#organization","name":"Henamo Resorts","url":"https:\/\/www.henamo-stefanshof.be\/","logo":{"@type":"ImageObject","inLanguage":"fr-FR","@id":"https:\/\/www.henamo-stefanshof.be\/#\/schema\/logo\/image\/","url":"https:\/\/www.henamo-stefanshof.be\/wp-content\/uploads\/2021\/01\/stefanshof-logo-dark.svg","contentUrl":"https:\/\/www.henamo-stefanshof.be\/wp-content\/uploads\/2021\/01\/stefanshof-logo-dark.svg","width":1,"height":1,"caption":"Henamo Resorts"},"image":{"@id":"https:\/\/www.henamo-stefanshof.be\/#\/schema\/logo\/image\/"}}]}},"_links":{"self":[{"href":"https:\/\/www.henamo-stefanshof.be\/fr\/wp-json\/wp\/v2\/pages\/963"}],"collection":[{"href":"https:\/\/www.henamo-stefanshof.be\/fr\/wp-json\/wp\/v2\/pages"}],"about":[{"href":"https:\/\/www.henamo-stefanshof.be\/fr\/wp-json\/wp\/v2\/types\/page"}],"author":[{"embeddable":true,"href":"https:\/\/www.henamo-stefanshof.be\/fr\/wp-json\/wp\/v2\/users\/2"}],"replies":[{"embeddable":true,"href":"https:\/\/www.henamo-stefanshof.be\/fr\/wp-json\/wp\/v2\/comments?post=963"}],"version-history":[{"count":16,"href":"https:\/\/www.henamo-stefanshof.be\/fr\/wp-json\/wp\/v2\/pages\/963\/revisions"}],"predecessor-version":[{"id":1356,"href":"https:\/\/www.henamo-stefanshof.be\/fr\/wp-json\/wp\/v2\/pages\/963\/revisions\/1356"}],"wp:attachment":[{"href":"https:\/\/www.henamo-stefanshof.be\/fr\/wp-json\/wp\/v2\/media?parent=963"}],"curies":[{"name":"wp","href":"https:\/\/api.w.org\/{rel}","templated":true}]}}