{"id":982,"date":"2021-01-14T12:56:47","date_gmt":"2021-01-14T12:56:47","guid":{"rendered":"https:\/\/www.henamo-stefanshof.be\/geschichte\/"},"modified":"2021-07-20T08:33:21","modified_gmt":"2021-07-20T08:33:21","slug":"histoire","status":"publish","type":"page","link":"https:\/\/www.henamo-stefanshof.be\/fr\/histoire\/","title":{"rendered":"Histoire"},"content":{"rendered":"<div class=\"dv-spacer-huge\"><\/div>\n\n\n<div class=\"wp-bootstrap-blocks-container container mb-2\">\n\t\n<div class=\"wp-bootstrap-blocks-row row align-items-start\">\n\t\n\n<div class=\"col-12 col-md-6\">\n\t\t\t\n\n<div class=\"dv-block-image dv-anim dv-parallax\">\n\t<div class=\"dv-image-container dv-anim-inner \" style=\"max-width: 650px\">\n\t\t\n\t\t\t\t\t\n\t\t\t<img decoding=\"async\" loading=\"lazy\" src=\"https:\/\/www.henamo-stefanshof.be\/wp-content\/uploads\/2021\/04\/stefanshof-20.jpg\" width=\"650\" height=\"900\" alt=\"stefanshof-20\" \/>\n\t\t\t\n\t\t\t\t\t\n\t<\/div>\n<\/div>\n\n\t<\/div>\n\n\n\n<div class=\"col-12 col-md-6\">\n\t\t\t\n<div class=\"dv-spacer-medium\"><\/div>\n\n\n\n<h6 class=\"alt-title h8 uppercase colored wp-block-heading\"><strong>Le hameau de Stefanshof<\/strong><\/h6>\n\n\n\n<h2 class=\"h3 wp-block-heading\">Un hameau du d\u00e9but du XX<sup>e<\/sup>\u00a0si\u00e8cle<\/h2>\n\n\n\n<p>Le hameau du Stefanshof, situ\u00e9 \u00e0 proximit\u00e9 de la for\u00eat de Rohrbusch entre Schoppen, Faymonville, Ondenval et Iveldingen, comporte cinq maisons ainsi que le plus petit cimeti\u00e8re de Belgique. Il se trouve sur le territoire du village de Schoppen, dans la commune d\u2019Ambl\u00e8ve.<\/p>\n\n\n\n<p>La construction du hameau remonte au d\u00e9but du XX<sup>e<\/sup>\u00a0si\u00e8cle, mais des documents anciens attestent d\u2019une occupation ant\u00e9rieure du lieu.<\/p>\n\n\t<\/div>\n\n<\/div>\n\n<\/div>\n\n\n<div class=\"wp-bootstrap-blocks-container container mb-2\">\n\t\n<div class=\"wp-bootstrap-blocks-row row align-items-end\">\n\t\n\n<div class=\"col-12 col-md-1\">\n\t\t\t\t<\/div>\n\n\n\n<div class=\"col-12 col-md-5\">\n\t\t\t\n\n<h6 class=\"alt-title h7 wp-block-heading\"><strong>Une maison de famille<\/strong><\/h6>\n\n\n\n<p>Henri Etienne Mathonet (1849-1910), premier repr\u00e9sentant de la famille et \u00e0 l\u2019origine du nom de la ferme (Stefan est la version allemande du pr\u00e9nom \u00c9tienne), utilise parfois le terrain pour \u00e9lever ses moutons. Son \u00e9pouse Marie Th\u00e9r\u00e8se Dethier (1852-1940) fait construire la premi\u00e8re maison du hameau et s\u2019y installe avec ses enfants en 1918.<\/p>\n\n\n\n<p>Des \u00e9tables sont ajout\u00e9es en 1921. Devenus adultes, les enfants du couple, Joseph, Ad\u00e8le et L\u00e9on, continuent d\u2019habiter la maison avec leur m\u00e8re et leur tante Marie Anne Dethier.<\/p>\n\n\n<div class=\"dv-spacer-medium\"><\/div>\n\n\t<\/div>\n\n\n\n<div class=\"col-12 col-md-6\">\n\t\t\t\n\n<div class=\"dv-block-image dv-anim\">\n\t<div class=\"dv-image-container dv-anim-inner  extend-150\" style=\"max-width: 900px\">\n\t\t\n\t\t\t\t<div class=\"dv-image-bg dv-parallax\">\n\t\t\t\t\t\n\t\t\t<img decoding=\"async\" loading=\"lazy\" src=\"https:\/\/www.henamo-stefanshof.be\/wp-content\/uploads\/2021\/04\/stefanshof-21.jpg\" width=\"900\" height=\"650\" alt=\"stefanshof-21\" \/>\n\t\t\t\n\t\t\t\t<\/div>\n\t\t\t\t\t\n\t<\/div>\n<\/div>\n\n\t<\/div>\n\n<\/div>\n\n\n<div class=\"dv-spacer-huge\"><\/div>\n\n\n\n<p><\/p>\n\n<\/div>\n\n\n<div class=\"dv-block-bgsection text-dark\">\n\t<div class=\"bg-section-inner\">\n\t\t\n<div class=\"wp-bootstrap-blocks-container container mb-2 small-container\">\n\t\n<div class=\"dv-spacer-huge\"><\/div>\n\n\n\n<h2 class=\"has-text-align-center alt-title h8 uppercase colored wp-block-heading\"><strong><strong><strong><strong>Th\u00e9\u00e2tre de la grande Histoire<\/strong><\/strong><\/strong><\/strong><\/h2>\n\n\n\n<p class=\"has-text-align-center h4\">Au fil du temps, la famille fait construire de nouvelles maisons dans le hameau.<\/p>\n\n\n\n<p class=\"has-text-align-center\">Au d\u00e9clenchement de la Seconde Guerre mondiale, en 1939, cinq familles habitent le hameau, qui s\u2019av\u00e8re d\u2019une importance strat\u00e9gique pour l\u2019arm\u00e9e allemande. En 1944, les troupes SS de l\u2019officier Peiper y \u00e9tablissent leurs quartiers lors de leur offensive sur Ondenval et Ligneuville. \u00c0 No\u00ebl, 300\u00a0soldats logent sur le territoire, qui sert d\u2019infirmerie pour les troupes et comprend \u00e9galement une section de radiocommunication ainsi que des <em>Nebelwerfer<\/em> (lance-roquettes multiples). Les troupes allemandes conservent le territoire jusqu\u2019au 17\u00a0janvier 1945 et l\u2019arriv\u00e9e des soldats am\u00e9ricains.<\/p>\n\n\n<div class=\"dv-spacer-huge\"><\/div>\n\n<\/div>\n\n\n\t<\/div>\n\t<div class=\"bg-container pos-top\" style=\"background-color:#ffffff; height: 100%;\"><\/div>\n<\/div>\n\n\n<div class=\"dv-block-bgsection text-dark\">\n\t<div class=\"bg-section-inner\">\n\t\t\n<div class=\"dv-block-slider\">\n\n\t\t<div class=\"dv-anim\">\n\t\t<div class=\"before-after dv-anim-inner\" data-before=\"Avant\" data-after=\"Apr\u00e8s \">\n\t\t\t<img decoding=\"async\" loading=\"lazy\" src=\"https:\/\/www.henamo-stefanshof.be\/wp-content\/uploads\/2021\/03\/vorher-1-940x600.jpg\" width=\"940\" height=\"600\">\n\t\t\t<img decoding=\"async\" loading=\"lazy\" src=\"https:\/\/www.henamo-stefanshof.be\/wp-content\/uploads\/2021\/03\/nachher-1-940x600.jpg\" width=\"940\" height=\"600\">\n\t\t<\/div>\n\t<\/div>\n\t\t\n<\/div>\n\n\n\t<\/div>\n\t<div class=\"bg-container pos-top\" style=\"background-color:#ffffff; height: 50%;\"><\/div>\n<\/div>\n\n\n<div class=\"dv-spacer-huge\"><\/div>\n\n\n<div class=\"wp-bootstrap-blocks-container container mb-2\">\n\t\n<div class=\"wp-bootstrap-blocks-row row align-items-end\">\n\t\n\n<div class=\"col-12 col-md-4\">\n\t\t\t\n\n<h6 class=\"alt-title h8 uppercase colored wp-block-heading\"><strong><strong>Un lieu de recueillement<\/strong><\/strong><\/h6>\n\n\n\n<h2 class=\"has-text-align-left h4 wp-block-heading\">Le plus petit cimeti\u00e8re de Belgique<\/h2>\n\n\n\n<p>Ad\u00e8le Mathonet meurt en janvier 1945 \u00e0 l\u2019\u00e2ge de 56\u00a0ans, alors que la bataille des Ardennes fait rage. Cependant, \u00e0 cause des incessantes hostilit\u00e9s, elle ne peut \u00eatre enterr\u00e9e au cimeti\u00e8re d\u2019Ondenval comme ses anc\u00eatres. Des soldats allemands lui creusent une tombe \u00e0 proximit\u00e9 de la maison, et ainsi fut pos\u00e9e la premi\u00e8re pierre du cimeti\u00e8re, vraisemblablement le plus petit de Belgique.<\/p>\n\n\t<\/div>\n\n\n\n<div class=\"col-12 col-md-4 no-margin-768\">\n\t\t\t\n\n<p>Peu apr\u00e8s la fin des hostilit\u00e9s, sa tante Marie Anne Dethier meurt \u00e0 presque 90\u00a0ans et est enterr\u00e9e au m\u00eame endroit. Au contraire des autres cimeti\u00e8res de la commune, la derni\u00e8re demeure de la famille Mathonet se trouve sur une propri\u00e9t\u00e9 priv\u00e9e et comprend aujourd\u2019hui sept tombes. \u00c0 ce jour, nous avons toujours le plus profond respect pour ce lieu.<\/p>\n\n\t<\/div>\n\n\n\n<div class=\"col-12 col-md-4 no-margin-768\">\n\t\t\t\n\n<div class=\"dv-block-image dv-anim\">\n\t<div class=\"dv-image-container dv-anim-inner  extend-150\" style=\"max-width: 650px\">\n\t\t\n\t\t\t\t<div class=\"dv-image-bg dv-parallax\">\n\t\t\t\t\t\n\t\t\t<img decoding=\"async\" loading=\"lazy\" src=\"https:\/\/www.henamo-stefanshof.be\/wp-content\/uploads\/2021\/03\/stefanshof-12.jpg\" width=\"650\" height=\"900\" alt=\"stefanshof-12\" \/>\n\t\t\t\n\t\t\t\t<\/div>\n\t\t\t\t\t\n\t<\/div>\n<\/div>\n\n\t<\/div>\n\n<\/div>\n\n<\/div>\n\n\n<div class=\"dv-spacer-huge\"><\/div>\n\n\n<div class=\"dv-block-bgsection text-dark\">\n\t<div class=\"bg-section-inner\">\n\t\t\n<div class=\"dv-spacer-huge\"><\/div>\n\n\n<div class=\"wp-bootstrap-blocks-container container mb-2 small-container\">\n\t\n\n<h6 class=\"alt-title h8 uppercase colored wp-block-heading\"><strong><strong>R\u00e9cemment r\u00e9habilit\u00e9 par la famille Heck<\/strong><\/strong><\/h6>\n\n\n\n<h3 class=\"wp-block-heading\">La transition vers la modernit\u00e9<\/h3>\n\n\n<div class=\"dv-spacer-medium\"><\/div>\n\n\n<div class=\"wp-bootstrap-blocks-row row\">\n\t\n\n<div class=\"col-12 col-md-6\">\n\t\t\t\n\n<p>Totalement coup\u00e9 des communes alentour jusqu\u2019\u00e0 la fin de la guerre, le Stefanshof n\u2019est raccord\u00e9 au r\u00e9seau \u00e9lectrique qu\u2019en 1951, puis au r\u00e9seau hydraulique en 1977. Le nombre d\u2019habitants a pourtant continu\u00e9 \u00e0 baisser et aucune nouvelle famille ne s\u2019y est install\u00e9e.<\/p>\n\n\t<\/div>\n\n\n\n<div class=\"col-12 col-md-6\">\n\t\t\t\n\n<p>Lorsque le dernier habitant du Stefanshof, Paul Mathonet, d\u00e9c\u00e8de en 2011 \u00e0 l\u2019\u00e2ge de 84\u00a0ans, plusieurs journaux belges signalent sa disparition. Enti\u00e8rement inhabit\u00e9, le hameau se d\u00e9labre au fil du temps et est acquis par la famille Heck, qui entreprend de le r\u00e9habiliter.<\/p>\n\n\t<\/div>\n\n<\/div>\n\n<\/div>\n\n\n<div class=\"dv-spacer-huge\"><\/div>\n\n\n<div class=\"dv-block-slider\">\n\n\t\t<div class=\"flickity-wrapper follow-mouse flickity-hor-scroll\">\n\t\t<span class=\"mouse-action\">\n\t\t\t<span class=\"text\">Tirer<\/span>\n\t\t\t<span class=\"arrow-right\"><svg xmlns=\"http:\/\/www.w3.org\/2000\/svg\" viewBox=\"0 0 24 24\"><path d=\"M1.8,11.1h13.7C14.5,9.4,14,7.6,14,6.1c2.1,2.6,4.9,4.5,8.3,5.9c-3.4,1.3-6,3.4-8.3,5.9c0.2-1.7,0.6-3.4,1.5-5.3H1.8V11.1z\"\/><\/svg><\/span>\n\t\t\t<span class=\"arrow-left\"><svg xmlns=\"http:\/\/www.w3.org\/2000\/svg\" viewBox=\"0 0 24 24\"><path d=\"M1.8,11.1h13.7C14.5,9.4,14,7.6,14,6.1c2.1,2.6,4.9,4.5,8.3,5.9c-3.4,1.3-6,3.4-8.3,5.9c0.2-1.7,0.6-3.4,1.5-5.3H1.8V11.1z\"\/><\/svg><\/span>\n\t\t<\/span>\n\t\t\n\t<div class=\"flickity-carousel image-gallery carousel-slider\" data-flickity='{ \n\t\t\"prevNextButtons\": false,\n\t\t\"pageDots\": false,\n\t\t\"lazy\": 1,\n\t\t\"autoPlay\": false,\n\t\t\"adaptiveHeight\": true,\n\t\t\"wrapAround\": false\n\t\t}'>\n\t\t<div class=\"gallery-image dv-anim\"><div class=\"dv-anim-inner\"><img decoding=\"async\" loading=\"lazy\" src=\"https:\/\/www.henamo-stefanshof.be\/wp-content\/uploads\/2021\/06\/Henamo_Stefanshof_aussen-1-940x600.jpg\" width=\"940\" height=\"600\"><\/div><\/div><div class=\"gallery-image dv-anim\"><div class=\"dv-anim-inner\"><img decoding=\"async\" loading=\"lazy\" src=\"https:\/\/www.henamo-stefanshof.be\/wp-content\/uploads\/2021\/06\/Henamo_Stefanshof_aussen-5-940x600.jpg\" width=\"940\" height=\"600\"><\/div><\/div><div class=\"gallery-image dv-anim\"><div class=\"dv-anim-inner\"><img decoding=\"async\" loading=\"lazy\" src=\"https:\/\/www.henamo-stefanshof.be\/wp-content\/uploads\/2021\/06\/Henamo_Stefanshof_aussen-3-940x600.jpg\" width=\"940\" height=\"600\"><\/div><\/div><div class=\"gallery-image dv-anim\"><div class=\"dv-anim-inner\"><img decoding=\"async\" loading=\"lazy\" src=\"https:\/\/www.henamo-stefanshof.be\/wp-content\/uploads\/2021\/01\/stefanshof-10-900x600.jpg\" width=\"900\" height=\"600\"><\/div><\/div><div class=\"gallery-image dv-anim\"><div class=\"dv-anim-inner\"><img decoding=\"async\" loading=\"lazy\" src=\"https:\/\/www.henamo-stefanshof.be\/wp-content\/uploads\/2021\/01\/stefanshof-8-900x600.jpg\" width=\"900\" height=\"600\"><\/div><\/div><div class=\"gallery-image dv-anim\"><div class=\"dv-anim-inner\"><img decoding=\"async\" loading=\"lazy\" src=\"https:\/\/www.henamo-stefanshof.be\/wp-content\/uploads\/2021\/01\/stefanshof-9-900x600.jpg\" width=\"900\" height=\"600\"><\/div><\/div><div class=\"gallery-image dv-anim\"><div class=\"dv-anim-inner\"><img decoding=\"async\" loading=\"lazy\" src=\"https:\/\/www.henamo-stefanshof.be\/wp-content\/uploads\/2021\/01\/stefanshof-4-900x600.jpg\" width=\"900\" height=\"600\"><\/div><\/div><div class=\"gallery-image dv-anim\"><div class=\"dv-anim-inner\"><img decoding=\"async\" loading=\"lazy\" src=\"https:\/\/www.henamo-stefanshof.be\/wp-content\/uploads\/2021\/01\/stefanshof-7-900x600.jpg\" width=\"900\" height=\"600\"><\/div><\/div>\t<\/div>\n\t<\/div>\n\t\t\n<\/div>\n\n\n<div class=\"dv-spacer-huge\"><\/div>\n\n\n\t<\/div>\n\t<div class=\"bg-container pos-bottom\" style=\"background-color:#ffffff; height: 100%;\"><\/div>\n<\/div>\n","protected":false},"excerpt":{"rendered":"","protected":false},"author":2,"featured_media":0,"parent":0,"menu_order":0,"comment_status":"closed","ping_status":"closed","template":"","meta":{"footnotes":""},"acf":[],"yoast_head":"<!-- This site is optimized with the Yoast SEO plugin v21.3 - https:\/\/yoast.com\/wordpress\/plugins\/seo\/ -->\n<title>Histoire | Stefanshof<\/title>\n<meta name=\"description\" content=\"Construit au d\u00e9but du XXe si\u00e8cle, Stefanshof \u00e9tait compos\u00e9, pendant sa p\u00e9riode de prosp\u00e9rit\u00e9, de cinq maisons et du plus petit cimeti\u00e8re de Belgique.\" \/>\n<meta name=\"robots\" content=\"index, follow, max-snippet:-1, max-image-preview:large, max-video-preview:-1\" \/>\n<link rel=\"canonical\" href=\"https:\/\/www.henamo-stefanshof.be\/fr\/histoire\/\" \/>\n<meta property=\"og:locale\" content=\"fr_FR\" \/>\n<meta property=\"og:type\" content=\"article\" \/>\n<meta property=\"og:title\" content=\"Histoire | Stefanshof\" \/>\n<meta property=\"og:description\" content=\"Construit au d\u00e9but du XXe si\u00e8cle, Stefanshof \u00e9tait compos\u00e9, pendant sa p\u00e9riode de prosp\u00e9rit\u00e9, de cinq maisons et du plus petit cimeti\u00e8re de Belgique.\" \/>\n<meta property=\"og:url\" content=\"https:\/\/www.henamo-stefanshof.be\/fr\/histoire\/\" \/>\n<meta property=\"og:site_name\" content=\"Stefanshof\" \/>\n<meta property=\"article:modified_time\" content=\"2021-07-20T08:33:21+00:00\" \/>\n<meta name=\"twitter:card\" content=\"summary_large_image\" \/>\n<meta name=\"twitter:label1\" content=\"Dur\u00e9e de lecture estim\u00e9e\" \/>\n\t<meta name=\"twitter:data1\" content=\"3 minutes\" \/>\n<script type=\"application\/ld+json\" class=\"yoast-schema-graph\">{\"@context\":\"https:\/\/schema.org\",\"@graph\":[{\"@type\":\"WebPage\",\"@id\":\"https:\/\/www.henamo-stefanshof.be\/fr\/histoire\/\",\"url\":\"https:\/\/www.henamo-stefanshof.be\/fr\/histoire\/\",\"name\":\"Histoire | Stefanshof\",\"isPartOf\":{\"@id\":\"https:\/\/www.henamo-stefanshof.be\/#website\"},\"datePublished\":\"2021-01-14T12:56:47+00:00\",\"dateModified\":\"2021-07-20T08:33:21+00:00\",\"description\":\"Construit au d\u00e9but du XXe si\u00e8cle, Stefanshof \u00e9tait compos\u00e9, pendant sa p\u00e9riode de prosp\u00e9rit\u00e9, de cinq maisons et du plus petit cimeti\u00e8re de Belgique.\",\"breadcrumb\":{\"@id\":\"https:\/\/www.henamo-stefanshof.be\/fr\/histoire\/#breadcrumb\"},\"inLanguage\":\"fr-FR\",\"potentialAction\":[{\"@type\":\"ReadAction\",\"target\":[\"https:\/\/www.henamo-stefanshof.be\/fr\/histoire\/\"]}]},{\"@type\":\"BreadcrumbList\",\"@id\":\"https:\/\/www.henamo-stefanshof.be\/fr\/histoire\/#breadcrumb\",\"itemListElement\":[{\"@type\":\"ListItem\",\"position\":1,\"name\":\"Startseite\",\"item\":\"https:\/\/www.henamo-stefanshof.be\/fr\/\"},{\"@type\":\"ListItem\",\"position\":2,\"name\":\"Histoire\"}]},{\"@type\":\"WebSite\",\"@id\":\"https:\/\/www.henamo-stefanshof.be\/#website\",\"url\":\"https:\/\/www.henamo-stefanshof.be\/\",\"name\":\"Stefanshof\",\"description\":\"Your luxury Holiday Home in East Belgium\",\"publisher\":{\"@id\":\"https:\/\/www.henamo-stefanshof.be\/#organization\"},\"potentialAction\":[{\"@type\":\"SearchAction\",\"target\":{\"@type\":\"EntryPoint\",\"urlTemplate\":\"https:\/\/www.henamo-stefanshof.be\/?s={search_term_string}\"},\"query-input\":\"required name=search_term_string\"}],\"inLanguage\":\"fr-FR\"},{\"@type\":\"Organization\",\"@id\":\"https:\/\/www.henamo-stefanshof.be\/#organization\",\"name\":\"Henamo Resorts\",\"url\":\"https:\/\/www.henamo-stefanshof.be\/\",\"logo\":{\"@type\":\"ImageObject\",\"inLanguage\":\"fr-FR\",\"@id\":\"https:\/\/www.henamo-stefanshof.be\/#\/schema\/logo\/image\/\",\"url\":\"https:\/\/www.henamo-stefanshof.be\/wp-content\/uploads\/2021\/01\/stefanshof-logo-dark.svg\",\"contentUrl\":\"https:\/\/www.henamo-stefanshof.be\/wp-content\/uploads\/2021\/01\/stefanshof-logo-dark.svg\",\"width\":1,\"height\":1,\"caption\":\"Henamo Resorts\"},\"image\":{\"@id\":\"https:\/\/www.henamo-stefanshof.be\/#\/schema\/logo\/image\/\"}}]}<\/script>\n<!-- \/ Yoast SEO plugin. -->","yoast_head_json":{"title":"Histoire | Stefanshof","description":"Construit au d\u00e9but du XXe si\u00e8cle, Stefanshof \u00e9tait compos\u00e9, pendant sa p\u00e9riode de prosp\u00e9rit\u00e9, de cinq maisons et du plus petit cimeti\u00e8re de Belgique.","robots":{"index":"index","follow":"follow","max-snippet":"max-snippet:-1","max-image-preview":"max-image-preview:large","max-video-preview":"max-video-preview:-1"},"canonical":"https:\/\/www.henamo-stefanshof.be\/fr\/histoire\/","og_locale":"fr_FR","og_type":"article","og_title":"Histoire | Stefanshof","og_description":"Construit au d\u00e9but du XXe si\u00e8cle, Stefanshof \u00e9tait compos\u00e9, pendant sa p\u00e9riode de prosp\u00e9rit\u00e9, de cinq maisons et du plus petit cimeti\u00e8re de Belgique.","og_url":"https:\/\/www.henamo-stefanshof.be\/fr\/histoire\/","og_site_name":"Stefanshof","article_modified_time":"2021-07-20T08:33:21+00:00","twitter_card":"summary_large_image","twitter_misc":{"Dur\u00e9e de lecture estim\u00e9e":"3 minutes"},"schema":{"@context":"https:\/\/schema.org","@graph":[{"@type":"WebPage","@id":"https:\/\/www.henamo-stefanshof.be\/fr\/histoire\/","url":"https:\/\/www.henamo-stefanshof.be\/fr\/histoire\/","name":"Histoire | Stefanshof","isPartOf":{"@id":"https:\/\/www.henamo-stefanshof.be\/#website"},"datePublished":"2021-01-14T12:56:47+00:00","dateModified":"2021-07-20T08:33:21+00:00","description":"Construit au d\u00e9but du XXe si\u00e8cle, Stefanshof \u00e9tait compos\u00e9, pendant sa p\u00e9riode de prosp\u00e9rit\u00e9, de cinq maisons et du plus petit cimeti\u00e8re de Belgique.","breadcrumb":{"@id":"https:\/\/www.henamo-stefanshof.be\/fr\/histoire\/#breadcrumb"},"inLanguage":"fr-FR","potentialAction":[{"@type":"ReadAction","target":["https:\/\/www.henamo-stefanshof.be\/fr\/histoire\/"]}]},{"@type":"BreadcrumbList","@id":"https:\/\/www.henamo-stefanshof.be\/fr\/histoire\/#breadcrumb","itemListElement":[{"@type":"ListItem","position":1,"name":"Startseite","item":"https:\/\/www.henamo-stefanshof.be\/fr\/"},{"@type":"ListItem","position":2,"name":"Histoire"}]},{"@type":"WebSite","@id":"https:\/\/www.henamo-stefanshof.be\/#website","url":"https:\/\/www.henamo-stefanshof.be\/","name":"Stefanshof","description":"Your luxury Holiday Home in East Belgium","publisher":{"@id":"https:\/\/www.henamo-stefanshof.be\/#organization"},"potentialAction":[{"@type":"SearchAction","target":{"@type":"EntryPoint","urlTemplate":"https:\/\/www.henamo-stefanshof.be\/?s={search_term_string}"},"query-input":"required name=search_term_string"}],"inLanguage":"fr-FR"},{"@type":"Organization","@id":"https:\/\/www.henamo-stefanshof.be\/#organization","name":"Henamo Resorts","url":"https:\/\/www.henamo-stefanshof.be\/","logo":{"@type":"ImageObject","inLanguage":"fr-FR","@id":"https:\/\/www.henamo-stefanshof.be\/#\/schema\/logo\/image\/","url":"https:\/\/www.henamo-stefanshof.be\/wp-content\/uploads\/2021\/01\/stefanshof-logo-dark.svg","contentUrl":"https:\/\/www.henamo-stefanshof.be\/wp-content\/uploads\/2021\/01\/stefanshof-logo-dark.svg","width":1,"height":1,"caption":"Henamo Resorts"},"image":{"@id":"https:\/\/www.henamo-stefanshof.be\/#\/schema\/logo\/image\/"}}]}},"_links":{"self":[{"href":"https:\/\/www.henamo-stefanshof.be\/fr\/wp-json\/wp\/v2\/pages\/982"}],"collection":[{"href":"https:\/\/www.henamo-stefanshof.be\/fr\/wp-json\/wp\/v2\/pages"}],"about":[{"href":"https:\/\/www.henamo-stefanshof.be\/fr\/wp-json\/wp\/v2\/types\/page"}],"author":[{"embeddable":true,"href":"https:\/\/www.henamo-stefanshof.be\/fr\/wp-json\/wp\/v2\/users\/2"}],"replies":[{"embeddable":true,"href":"https:\/\/www.henamo-stefanshof.be\/fr\/wp-json\/wp\/v2\/comments?post=982"}],"version-history":[{"count":11,"href":"https:\/\/www.henamo-stefanshof.be\/fr\/wp-json\/wp\/v2\/pages\/982\/revisions"}],"predecessor-version":[{"id":1384,"href":"https:\/\/www.henamo-stefanshof.be\/fr\/wp-json\/wp\/v2\/pages\/982\/revisions\/1384"}],"wp:attachment":[{"href":"https:\/\/www.henamo-stefanshof.be\/fr\/wp-json\/wp\/v2\/media?parent=982"}],"curies":[{"name":"wp","href":"https:\/\/api.w.org\/{rel}","templated":true}]}}