{"id":1104,"date":"2021-01-14T12:57:32","date_gmt":"2021-01-14T12:57:32","guid":{"rendered":"https:\/\/www.henamo-stefanshof.be\/?page_id=1104"},"modified":"2023-08-11T11:35:38","modified_gmt":"2023-08-11T11:35:38","slug":"meetings-stefanshof","status":"publish","type":"page","link":"https:\/\/www.henamo-stefanshof.be\/nl\/meetings-stefanshof\/","title":{"rendered":"Meetings"},"content":{"rendered":"<div class=\"dv-block-bgsection text-dark\">\n\t<div class=\"bg-section-inner\">\n\t\t\n<div class=\"dv-spacer-huge\"><\/div>\n\n\n<div class=\"wp-bootstrap-blocks-container container mb-2 mini-container\">\n\t\n\n<h2 class=\"wp-block-heading has-text-align-left alt-title h8 uppercase colored\"><strong>Meetings<\/strong><\/h2>\n\n\n\n<p class=\"h4\">Het Stefanshof in de buurt van Schoppen is niet alleen geschikt voor een priv\u00e9vakantie in de natuur.<\/p>\n\n\n\n<p class=\"has-text-align-left\">Ook zakelijke vergaderingen en bijeenkomsten voor verenigingen en organisaties kunnen hier worden georganiseerd in een uniek ambiance. Graag reserveren wij uw voorkeursdatum en helpen bij vragen over vergaderruimtes of cateringmogelijkheden. <\/p>\n\n\n\n<p class=\"has-text-align-left\">Nodig uw zakenpartners uit op de hoeve die zo rijk is aan traditie en geniet samen van het uitzicht op de vrije natuur tijdens de voorbereiding van de jaarrekening of presentaties over het nieuwe begrotingsjaar.<\/p>\n\n<\/div>\n\n\n<div class=\"dv-spacer-huge\"><\/div>\n\n\n<div class=\"wp-bootstrap-blocks-container container mb-2\">\n\t\n<div class=\"wp-bootstrap-blocks-row row g-0 align-items-start\">\n\t\n\n<div class=\"col-12 col-md-9\">\n\t\t\t\n<div class=\"dv-spacer-mini\"><\/div>\n\n\n\n<div class=\"dv-block-image dv-anim\">\n\t<div class=\"dv-image-container dv-anim-inner \" style=\"max-width: 900px\">\n\t\t\n\t\t\t\t\t\n\t\t\t<img decoding=\"async\" loading=\"lazy\" src=\"https:\/\/www.henamo-stefanshof.be\/wp-content\/uploads\/2023\/05\/stefanshof_meeting_1-2.jpg\" width=\"900\" height=\"650\" alt=\"stefanshof_meeting_1\" \/>\n\t\t\t\n\t\t\t\t\t\n\t<\/div>\n<\/div>\n\n\t<\/div>\n\n\n\n<div class=\"col-12 col-md-3\">\n\t\t\t\n\n<div class=\"dv-block-image dv-anim dv-parallax\">\n\t<div class=\"dv-image-container dv-anim-inner  margin--80\" style=\"max-width: 650px\">\n\t\t\n\t\t\t\t\t\n\t\t\t<img decoding=\"async\" loading=\"lazy\" src=\"https:\/\/www.henamo-stefanshof.be\/wp-content\/uploads\/2023\/05\/stefanshof_meeting_2-3.jpg\" width=\"650\" height=\"900\" alt=\"stefanshof_meeting_2\" \/>\n\t\t\t\n\t\t\t\t\t\n\t<\/div>\n<\/div>\n\n\t<\/div>\n\n<\/div>\n\n<\/div>\n\n\n<div class=\"dv-spacer-huge\"><\/div>\n\n\n\t<\/div>\n\t<div class=\"bg-container pos-top\" style=\"background-color:#ffffff; height: 100%;\"><\/div>\n<\/div>\n\n\n<div class=\"wp-bootstrap-blocks-container container mb-2 mini-container\">\n\t<\/div>\n\n\n<div class=\"dv-spacer-huge\"><\/div>\n\n\n<div class=\"dv-block-bgsection text-dark\">\n\t<div class=\"bg-section-inner\">\n\t\t\n<div class=\"dv-block-slider\">\n\n\t\t<div class=\"flickity-wrapper follow-mouse flickity-hor-scroll\">\n\t\t<span class=\"mouse-action\">\n\t\t\t<span class=\"text\">Trekken<\/span>\n\t\t\t<span class=\"arrow-right\"><svg xmlns=\"http:\/\/www.w3.org\/2000\/svg\" viewBox=\"0 0 24 24\"><path d=\"M1.8,11.1h13.7C14.5,9.4,14,7.6,14,6.1c2.1,2.6,4.9,4.5,8.3,5.9c-3.4,1.3-6,3.4-8.3,5.9c0.2-1.7,0.6-3.4,1.5-5.3H1.8V11.1z\"\/><\/svg><\/span>\n\t\t\t<span class=\"arrow-left\"><svg xmlns=\"http:\/\/www.w3.org\/2000\/svg\" viewBox=\"0 0 24 24\"><path d=\"M1.8,11.1h13.7C14.5,9.4,14,7.6,14,6.1c2.1,2.6,4.9,4.5,8.3,5.9c-3.4,1.3-6,3.4-8.3,5.9c0.2-1.7,0.6-3.4,1.5-5.3H1.8V11.1z\"\/><\/svg><\/span>\n\t\t<\/span>\n\t\t\n\t<div class=\"flickity-carousel image-gallery carousel-slider\" data-flickity='{ \n\t\t\"prevNextButtons\": false,\n\t\t\"pageDots\": false,\n\t\t\"lazy\": 1,\n\t\t\"autoPlay\": false,\n\t\t\"adaptiveHeight\": true,\n\t\t\"wrapAround\": false\n\t\t}'>\n\t\t<div class=\"gallery-image dv-anim\"><div class=\"dv-anim-inner\"><img decoding=\"async\" loading=\"lazy\" src=\"https:\/\/www.henamo-stefanshof.be\/wp-content\/uploads\/2023\/05\/stefanshof_meeting_3-940x600.jpg\" width=\"940\" height=\"600\"><\/div><\/div><div class=\"gallery-image dv-anim\"><div class=\"dv-anim-inner\"><img decoding=\"async\" loading=\"lazy\" src=\"https:\/\/www.henamo-stefanshof.be\/wp-content\/uploads\/2023\/05\/stefanshof_meeting_4-940x600.jpg\" width=\"940\" height=\"600\"><\/div><\/div><div class=\"gallery-image dv-anim\"><div class=\"dv-anim-inner\"><img decoding=\"async\" loading=\"lazy\" src=\"https:\/\/www.henamo-stefanshof.be\/wp-content\/uploads\/2023\/05\/stefanshof_meeting_5-940x600.jpg\" width=\"940\" height=\"600\"><\/div><\/div><div class=\"gallery-image dv-anim\"><div class=\"dv-anim-inner\"><img decoding=\"async\" loading=\"lazy\" src=\"https:\/\/www.henamo-stefanshof.be\/wp-content\/uploads\/2023\/05\/stefanshof_meeting_6-1-940x600.jpg\" width=\"940\" height=\"600\"><\/div><\/div>\t<\/div>\n\t<\/div>\n\t\t\n<\/div>\n\n\n\t<\/div>\n\t<div class=\"bg-container pos-bottom\" style=\"background-color:#ffffff; height: 50%;\"><\/div>\n<\/div>\n\n\n<div class=\"dv-block-bgsection text-dark\">\n\t<div class=\"bg-section-inner\">\n\t\t\n<div class=\"dv-spacer-huge\"><\/div>\n\n\n\n<h6 class=\"wp-block-heading has-text-align-center alt-title h8 uppercase colored\"><strong>Feedback van gasten<\/strong><\/h6>\n\n\n<div class=\"dv-spacer-medium\"><\/div>\n\n\n<div class=\"dv-block-quoteslider\">\n\t\n\t\t\n\t<div class=\"quote-icon\">\n\t\t<svg xmlns=\"http:\/\/www.w3.org\/2000\/svg\" viewBox=\"0 0 24 24\"><path d=\"M22.4,15c-0.2-0.5-0.4-0.9-0.7-1.2c-0.4-0.4-0.9-0.7-1.4-0.9c-0.7-0.2-1.5-0.3-2.3-0.3h-1.3 c0.1-1.5,0.7-2.9,1.7-4c1.1-1.2,2.5-2.2,4-2.9l-1-1.6c-2.2,0.9-4.2,2.4-5.8,4.2c-1.4,1.5-2.3,3.5-2.4,5.5c-0.1,1.7,0.4,3.3,1.4,4.6 c1,1.1,2.5,1.8,4,1.7c1.1,0,2.1-0.4,2.9-1.1c0.8-0.6,1.2-1.6,1.2-2.6C22.6,15.9,22.5,15.4,22.4,15 M10.7,15 c-0.2-0.5-0.4-0.9-0.7-1.2c-0.4-0.4-0.9-0.7-1.4-0.9c-0.7-0.2-1.5-0.3-2.3-0.3H4.9c0.1-1.5,0.7-2.9,1.7-4c1.1-1.2,2.5-2.2,4-2.9 L9.6,4C7.4,4.9,5.4,6.4,3.8,8.2c-1.4,1.5-2.3,3.5-2.4,5.5c-0.1,1.7,0.4,3.3,1.4,4.6c1,1.1,2.5,1.8,4,1.7c1.1,0,2.1-0.4,2.9-1.1 c0.8-0.6,1.2-1.6,1.2-2.6C10.9,15.9,10.8,15.4,10.7,15\"\/><\/svg>\t<\/div>\n\t\n\t<div class=\"flickity-carousel quote-slider\" data-flickity='{ \n\t\t\"prevNextButtons\": false,\n\t\t\"pageDots\": true,\n\t\t\"lazy\": 1,\n\t\t\"autoPlay\": false,\n\t\t\"adaptiveHeight\": true,\n\t\t\"wrapAround\": true\n\t\t}'>\n\t\n\t\t\t\t<div class=\"flickity-item quote-item\">\n\t\t\t<blockquote>\n\t\t\t<p>Super \u00e9tablissement limit\u00e9 \u00e0 30 personnes, parfait pour <br>des grandes r\u00e9union familiale ou professionnelle<\/p>\n\t\t\t<cite>\n\t\t\t\t<strong>Jean-Marc<\/strong>\n\t\t\t\t<br>\t\t\t<\/cite>\n\t\t\t<\/blockquote>\n\t\t<\/div>\n\t\t\t\t<div class=\"flickity-item quote-item\">\n\t\t\t<blockquote>\n\t\t\t<p>Eine wundersch\u00f6ne Anlage,\r\n<br> die man weiter empfehlen muss.\r\n<\/p>\n\t\t\t<cite>\n\t\t\t\t<strong>Karl-Heinz<\/strong>\n\t\t\t\t<br>\t\t\t<\/cite>\n\t\t\t<\/blockquote>\n\t\t<\/div>\n\t\t\t\t<div class=\"flickity-item quote-item\">\n\t\t\t<blockquote>\n\t\t\t<p>Wer ungest\u00f6rt ein Wochenende mit Freunden oder Familie verbringen will, macht mit diesem Anwesen alles richtig.\r\n<br>\r\nAbsolute Empfehlung!<\/p>\n\t\t\t<cite>\n\t\t\t\t<strong>Marvin<\/strong>\n\t\t\t\t<br>\t\t\t<\/cite>\n\t\t\t<\/blockquote>\n\t\t<\/div>\n\t\t\t\t\n\t<\/div>\n\t<\/div>\n\n\n<div class=\"dv-spacer-huge\"><\/div>\n\n\n\t<\/div>\n\t<div class=\"bg-container pos-bottom\" style=\"background-color:#ffffff; height: 100%;\"><\/div>\n<\/div>\n","protected":false},"excerpt":{"rendered":"","protected":false},"author":2,"featured_media":0,"parent":0,"menu_order":0,"comment_status":"closed","ping_status":"closed","template":"","meta":{"footnotes":""},"acf":[],"yoast_head":"<!-- This site is optimized with the Yoast SEO plugin v21.3 - https:\/\/yoast.com\/wordpress\/plugins\/seo\/ -->\n<title>Meetings - Stefanshof<\/title>\n<meta name=\"description\" content=\"Audiovisuele presentatiemogelijkheden en moderne conferentievoorzieningen: organiseer evenementen op het Stefanshof.\" \/>\n<meta name=\"robots\" content=\"index, follow, max-snippet:-1, max-image-preview:large, max-video-preview:-1\" \/>\n<link rel=\"canonical\" href=\"https:\/\/www.henamo-stefanshof.be\/nl\/meetings-stefanshof\/\" \/>\n<meta property=\"og:locale\" content=\"nl_NL\" \/>\n<meta property=\"og:type\" content=\"article\" \/>\n<meta property=\"og:title\" content=\"Meetings - Stefanshof\" \/>\n<meta property=\"og:description\" content=\"Audiovisuele presentatiemogelijkheden en moderne conferentievoorzieningen: organiseer evenementen op het Stefanshof.\" \/>\n<meta property=\"og:url\" content=\"https:\/\/www.henamo-stefanshof.be\/nl\/meetings-stefanshof\/\" \/>\n<meta property=\"og:site_name\" content=\"Stefanshof\" \/>\n<meta property=\"article:modified_time\" content=\"2023-08-11T11:35:38+00:00\" \/>\n<meta name=\"twitter:card\" content=\"summary_large_image\" \/>\n<meta name=\"twitter:label1\" content=\"Geschatte leestijd\" \/>\n\t<meta name=\"twitter:data1\" content=\"1 minuut\" \/>\n<script type=\"application\/ld+json\" class=\"yoast-schema-graph\">{\"@context\":\"https:\/\/schema.org\",\"@graph\":[{\"@type\":\"WebPage\",\"@id\":\"https:\/\/www.henamo-stefanshof.be\/nl\/meetings-stefanshof\/\",\"url\":\"https:\/\/www.henamo-stefanshof.be\/nl\/meetings-stefanshof\/\",\"name\":\"Meetings - Stefanshof\",\"isPartOf\":{\"@id\":\"https:\/\/www.henamo-stefanshof.be\/#website\"},\"datePublished\":\"2021-01-14T12:57:32+00:00\",\"dateModified\":\"2023-08-11T11:35:38+00:00\",\"description\":\"Audiovisuele presentatiemogelijkheden en moderne conferentievoorzieningen: organiseer evenementen op het Stefanshof.\",\"breadcrumb\":{\"@id\":\"https:\/\/www.henamo-stefanshof.be\/nl\/meetings-stefanshof\/#breadcrumb\"},\"inLanguage\":\"nl-NL\",\"potentialAction\":[{\"@type\":\"ReadAction\",\"target\":[\"https:\/\/www.henamo-stefanshof.be\/nl\/meetings-stefanshof\/\"]}]},{\"@type\":\"BreadcrumbList\",\"@id\":\"https:\/\/www.henamo-stefanshof.be\/nl\/meetings-stefanshof\/#breadcrumb\",\"itemListElement\":[{\"@type\":\"ListItem\",\"position\":1,\"name\":\"Startseite\",\"item\":\"https:\/\/www.henamo-stefanshof.be\/nl\/\"},{\"@type\":\"ListItem\",\"position\":2,\"name\":\"Meetings\"}]},{\"@type\":\"WebSite\",\"@id\":\"https:\/\/www.henamo-stefanshof.be\/#website\",\"url\":\"https:\/\/www.henamo-stefanshof.be\/\",\"name\":\"Stefanshof\",\"description\":\"Uw luxe vakantiehuis in Oost-Belgi\u00eb\",\"publisher\":{\"@id\":\"https:\/\/www.henamo-stefanshof.be\/#organization\"},\"potentialAction\":[{\"@type\":\"SearchAction\",\"target\":{\"@type\":\"EntryPoint\",\"urlTemplate\":\"https:\/\/www.henamo-stefanshof.be\/?s={search_term_string}\"},\"query-input\":\"required name=search_term_string\"}],\"inLanguage\":\"nl-NL\"},{\"@type\":\"Organization\",\"@id\":\"https:\/\/www.henamo-stefanshof.be\/#organization\",\"name\":\"Henamo Resorts\",\"url\":\"https:\/\/www.henamo-stefanshof.be\/\",\"logo\":{\"@type\":\"ImageObject\",\"inLanguage\":\"nl-NL\",\"@id\":\"https:\/\/www.henamo-stefanshof.be\/#\/schema\/logo\/image\/\",\"url\":\"https:\/\/www.henamo-stefanshof.be\/wp-content\/uploads\/2021\/01\/stefanshof-logo-dark.svg\",\"contentUrl\":\"https:\/\/www.henamo-stefanshof.be\/wp-content\/uploads\/2021\/01\/stefanshof-logo-dark.svg\",\"width\":1,\"height\":1,\"caption\":\"Henamo Resorts\"},\"image\":{\"@id\":\"https:\/\/www.henamo-stefanshof.be\/#\/schema\/logo\/image\/\"}}]}<\/script>\n<!-- \/ Yoast SEO plugin. -->","yoast_head_json":{"title":"Meetings - Stefanshof","description":"Audiovisuele presentatiemogelijkheden en moderne conferentievoorzieningen: organiseer evenementen op het Stefanshof.","robots":{"index":"index","follow":"follow","max-snippet":"max-snippet:-1","max-image-preview":"max-image-preview:large","max-video-preview":"max-video-preview:-1"},"canonical":"https:\/\/www.henamo-stefanshof.be\/nl\/meetings-stefanshof\/","og_locale":"nl_NL","og_type":"article","og_title":"Meetings - Stefanshof","og_description":"Audiovisuele presentatiemogelijkheden en moderne conferentievoorzieningen: organiseer evenementen op het Stefanshof.","og_url":"https:\/\/www.henamo-stefanshof.be\/nl\/meetings-stefanshof\/","og_site_name":"Stefanshof","article_modified_time":"2023-08-11T11:35:38+00:00","twitter_card":"summary_large_image","twitter_misc":{"Geschatte leestijd":"1 minuut"},"schema":{"@context":"https:\/\/schema.org","@graph":[{"@type":"WebPage","@id":"https:\/\/www.henamo-stefanshof.be\/nl\/meetings-stefanshof\/","url":"https:\/\/www.henamo-stefanshof.be\/nl\/meetings-stefanshof\/","name":"Meetings - Stefanshof","isPartOf":{"@id":"https:\/\/www.henamo-stefanshof.be\/#website"},"datePublished":"2021-01-14T12:57:32+00:00","dateModified":"2023-08-11T11:35:38+00:00","description":"Audiovisuele presentatiemogelijkheden en moderne conferentievoorzieningen: organiseer evenementen op het Stefanshof.","breadcrumb":{"@id":"https:\/\/www.henamo-stefanshof.be\/nl\/meetings-stefanshof\/#breadcrumb"},"inLanguage":"nl-NL","potentialAction":[{"@type":"ReadAction","target":["https:\/\/www.henamo-stefanshof.be\/nl\/meetings-stefanshof\/"]}]},{"@type":"BreadcrumbList","@id":"https:\/\/www.henamo-stefanshof.be\/nl\/meetings-stefanshof\/#breadcrumb","itemListElement":[{"@type":"ListItem","position":1,"name":"Startseite","item":"https:\/\/www.henamo-stefanshof.be\/nl\/"},{"@type":"ListItem","position":2,"name":"Meetings"}]},{"@type":"WebSite","@id":"https:\/\/www.henamo-stefanshof.be\/#website","url":"https:\/\/www.henamo-stefanshof.be\/","name":"Stefanshof","description":"Uw luxe vakantiehuis in Oost-Belgi\u00eb","publisher":{"@id":"https:\/\/www.henamo-stefanshof.be\/#organization"},"potentialAction":[{"@type":"SearchAction","target":{"@type":"EntryPoint","urlTemplate":"https:\/\/www.henamo-stefanshof.be\/?s={search_term_string}"},"query-input":"required name=search_term_string"}],"inLanguage":"nl-NL"},{"@type":"Organization","@id":"https:\/\/www.henamo-stefanshof.be\/#organization","name":"Henamo Resorts","url":"https:\/\/www.henamo-stefanshof.be\/","logo":{"@type":"ImageObject","inLanguage":"nl-NL","@id":"https:\/\/www.henamo-stefanshof.be\/#\/schema\/logo\/image\/","url":"https:\/\/www.henamo-stefanshof.be\/wp-content\/uploads\/2021\/01\/stefanshof-logo-dark.svg","contentUrl":"https:\/\/www.henamo-stefanshof.be\/wp-content\/uploads\/2021\/01\/stefanshof-logo-dark.svg","width":1,"height":1,"caption":"Henamo Resorts"},"image":{"@id":"https:\/\/www.henamo-stefanshof.be\/#\/schema\/logo\/image\/"}}]}},"_links":{"self":[{"href":"https:\/\/www.henamo-stefanshof.be\/nl\/wp-json\/wp\/v2\/pages\/1104"}],"collection":[{"href":"https:\/\/www.henamo-stefanshof.be\/nl\/wp-json\/wp\/v2\/pages"}],"about":[{"href":"https:\/\/www.henamo-stefanshof.be\/nl\/wp-json\/wp\/v2\/types\/page"}],"author":[{"embeddable":true,"href":"https:\/\/www.henamo-stefanshof.be\/nl\/wp-json\/wp\/v2\/users\/2"}],"replies":[{"embeddable":true,"href":"https:\/\/www.henamo-stefanshof.be\/nl\/wp-json\/wp\/v2\/comments?post=1104"}],"version-history":[{"count":29,"href":"https:\/\/www.henamo-stefanshof.be\/nl\/wp-json\/wp\/v2\/pages\/1104\/revisions"}],"predecessor-version":[{"id":4021,"href":"https:\/\/www.henamo-stefanshof.be\/nl\/wp-json\/wp\/v2\/pages\/1104\/revisions\/4021"}],"wp:attachment":[{"href":"https:\/\/www.henamo-stefanshof.be\/nl\/wp-json\/wp\/v2\/media?parent=1104"}],"curies":[{"name":"wp","href":"https:\/\/api.w.org\/{rel}","templated":true}]}}